{"id":9,"date":"2019-12-05T14:56:24","date_gmt":"2019-12-05T11:56:24","guid":{"rendered":"https:\/\/covid19.ebyu.edu.tr\/?page_id=9"},"modified":"2020-05-02T19:21:43","modified_gmt":"2020-05-02T16:21:43","slug":"anasayfa","status":"publish","type":"page","link":"https:\/\/covid19.ebyu.edu.tr\/","title":{"rendered":"Anasayfa"},"content":{"rendered":"<p>[et_pb_section fb_built=&#8221;1&#8243; fullwidth=&#8221;on&#8221; admin_label=&#8221;Hero&#8221; _builder_version=&#8221;4.4.5&#8243; background_image=&#8221;https:\/\/covid19.ebyu.edu.tr\/wp-content\/uploads\/2020\/05\/joao-silas-I_LgQ8JZFGE-unsplash.jpg&#8221; parallax=&#8221;on&#8221; custom_padding=&#8221;0px|0|0px|0px|false|false&#8221; hover_enabled=&#8221;0&#8243; title_text=&#8221;joao-silas-I_LgQ8JZFGE-unsplash&#8221;][et_pb_fullwidth_header title=&#8221;COV\u0130D 19 KAPSAMINDAK\u0130 FAAL\u0130YETLER&#8221; text_orientation=&#8221;center&#8221; admin_label=&#8221;Fullwidth Header&#8221; _builder_version=&#8221;3.16&#8243; title_font=&#8221;Share Tech||||||||&#8221; title_text_align=&#8221;center&#8221; title_font_size=&#8221;80px&#8221; title_line_height=&#8221;1.2em&#8221; content_font=&#8221;Open Sans||||||||&#8221; content_text_align=&#8221;center&#8221; content_font_size=&#8221;18px&#8221; content_line_height=&#8221;1.8em&#8221; background_color=&#8221;rgba(0,0,0,0)&#8221; use_background_color_gradient=&#8221;on&#8221; background_color_gradient_start=&#8221;rgba(0,72,114,0.9)&#8221; background_color_gradient_end=&#8221;rgba(41,17,96,0.8)&#8221; background_color_gradient_direction=&#8221;140deg&#8221; background_color_gradient_overlays_image=&#8221;on&#8221; parallax=&#8221;on&#8221; parallax_method=&#8221;on&#8221; custom_button_one=&#8221;on&#8221; button_one_text_size=&#8221;15px&#8221; button_one_bg_color=&#8221;#ffa727&#8243; button_one_border_width=&#8221;15px&#8221; button_one_border_color=&#8221;#ffa727&#8243; button_one_border_radius=&#8221;100px&#8221; button_one_letter_spacing=&#8221;5px&#8221; button_one_font=&#8221;Open Sans|700||on|||||&#8221; custom_margin=&#8221;|||&#8221; custom_padding=&#8221;2vw||2vw||true|&#8221; custom_padding_tablet=&#8221;100px||100px||true&#8221; custom_padding_phone=&#8221;|||&#8221; custom_padding_last_edited=&#8221;on|desktop&#8221; title_font_size_tablet=&#8221;60px&#8221; title_font_size_phone=&#8221;36px&#8221; title_font_size_last_edited=&#8221;on|phone&#8221; content_font_size_tablet=&#8221;&#8221; content_font_size_phone=&#8221;16px&#8221; content_font_size_last_edited=&#8221;on|phone&#8221; button_one_text_size_tablet=&#8221;&#8221; button_one_text_size_phone=&#8221;&#8221; button_one_text_size_last_edited=&#8221;on|desktop&#8221; button_one_border_color_hover=&#8221;#ff8a3d&#8221; button_one_border_radius_hover=&#8221;100px&#8221; button_one_letter_spacing_hover=&#8221;5px&#8221; button_one_bg_color_hover=&#8221;#ff8a3d&#8221; button_one_text_size__hover_enabled=&#8221;off&#8221; button_two_text_size__hover_enabled=&#8221;off&#8221; button_one_text_color__hover_enabled=&#8221;off&#8221; button_two_text_color__hover_enabled=&#8221;off&#8221; button_one_border_width__hover_enabled=&#8221;off&#8221; button_two_border_width__hover_enabled=&#8221;off&#8221; button_one_border_color__hover_enabled=&#8221;on&#8221; button_one_border_color__hover=&#8221;#ff8a3d&#8221; button_two_border_color__hover_enabled=&#8221;off&#8221; button_one_border_radius__hover_enabled=&#8221;on&#8221; button_one_border_radius__hover=&#8221;100px&#8221; button_two_border_radius__hover_enabled=&#8221;off&#8221; button_one_letter_spacing__hover_enabled=&#8221;on&#8221; button_one_letter_spacing__hover=&#8221;5px&#8221; button_two_letter_spacing__hover_enabled=&#8221;off&#8221; button_one_bg_color__hover_enabled=&#8221;on&#8221; button_one_bg_color__hover=&#8221;#ff8a3d&#8221; button_two_bg_color__hover_enabled=&#8221;off&#8221;][\/et_pb_fullwidth_header][\/et_pb_section][et_pb_section fb_built=&#8221;1&#8243; admin_label=&#8221;Our Services&#8221; _builder_version=&#8221;4.4.5&#8243; custom_padding=&#8221;||50px|||&#8221; hover_enabled=&#8221;0&#8243; locked=&#8221;off&#8221; title_text=&#8221;bill-oxford-tR0PPLuN6Pw-unsplash&#8221; background_image=&#8221;https:\/\/covid19.ebyu.edu.tr\/wp-content\/uploads\/2020\/05\/bill-oxford-tR0PPLuN6Pw-unsplash.jpg&#8221;][et_pb_row column_structure=&#8221;1_3,1_3,1_3&#8243; _builder_version=&#8221;3.25&#8243; custom_margin=&#8221;|||&#8221; custom_padding=&#8221;|||&#8221;][et_pb_column type=&#8221;1_3&#8243; _builder_version=&#8221;3.25&#8243; custom_padding=&#8221;|||&#8221; custom_padding__hover=&#8221;|||&#8221;][et_pb_blurb title=&#8221;Yay\u0131nlar&#8221; use_icon=&#8221;on&#8221; font_icon=&#8221;%%72%%&#8221; _builder_version=&#8221;4.4.5&#8243; header_font=&#8221;Share Tech||||||||&#8221; header_font_size=&#8221;24px&#8221; header_line_height=&#8221;1.2em&#8221; body_font=&#8221;Open Sans||||||||&#8221; body_font_size=&#8221;16px&#8221; body_line_height=&#8221;1.8em&#8221; background_color=&#8221;#0c71c3&#8243; background_layout=&#8221;dark&#8221; custom_margin=&#8221;||0px|&#8221; custom_padding=&#8221;40px|30px|40px|30px|true|true&#8221; animation_style=&#8221;fold&#8221; animation=&#8221;off&#8221; hover_enabled=&#8221;0&#8243; url=&#8221;https:\/\/covid19.ebyu.edu.tr\/?page_id=117&#8243; link_option_url=&#8221;https:\/\/covid19.ebyu.edu.tr\/?page_id=117&#8243; icon_color=&#8221;#ffffff&#8221; use_circle=&#8221;on&#8221; circle_color=&#8221;#000000&#8243; use_circle_border=&#8221;on&#8221;][\/et_pb_blurb][\/et_pb_column][et_pb_column type=&#8221;1_3&#8243; _builder_version=&#8221;3.25&#8243; custom_padding=&#8221;|||&#8221; custom_padding__hover=&#8221;|||&#8221;][et_pb_blurb title=&#8221;Plan &#038; Projeler&#8221; use_icon=&#8221;on&#8221; font_icon=&#8221;%%167%%&#8221; _builder_version=&#8221;4.4.5&#8243; header_font=&#8221;Share Tech||||||||&#8221; header_font_size=&#8221;24px&#8221; header_line_height=&#8221;1.2em&#8221; body_font=&#8221;Open Sans||||||||&#8221; body_font_size=&#8221;16px&#8221; body_line_height=&#8221;1.8em&#8221; background_color=&#8221;#e0c17d&#8221; custom_margin=&#8221;||0px|&#8221; custom_padding=&#8221;40px|30px|40px|30px|true|true&#8221; animation_style=&#8221;fold&#8221; animation_delay=&#8221;150ms&#8221; animation=&#8221;off&#8221; hover_enabled=&#8221;0&#8243; locked=&#8221;off&#8221; link_option_url=&#8221;https:\/\/covid19.ebyu.edu.tr\/?page_id=123&#8243; use_circle=&#8221;on&#8221; circle_color=&#8221;#000000&#8243; icon_color=&#8221;#ffffff&#8221; use_circle_border=&#8221;on&#8221;][\/et_pb_blurb][\/et_pb_column][et_pb_column type=&#8221;1_3&#8243; _builder_version=&#8221;3.25&#8243; custom_padding=&#8221;|||&#8221; custom_padding__hover=&#8221;|||&#8221;][et_pb_blurb title=&#8221;Ar-Ge Faaliyetleri&#8221; use_icon=&#8221;on&#8221; font_icon=&#8221;%%124%%&#8221; _builder_version=&#8221;4.4.5&#8243; header_font=&#8221;Share Tech||||||||&#8221; header_font_size=&#8221;24px&#8221; header_line_height=&#8221;1.2em&#8221; body_font=&#8221;Open Sans||||||||&#8221; body_font_size=&#8221;16px&#8221; body_line_height=&#8221;1.8em&#8221; background_color=&#8221;#dddddd&#8221; custom_margin=&#8221;||0px|&#8221; custom_padding=&#8221;40px|30px|40px|30px|true|true&#8221; animation_style=&#8221;fold&#8221; animation_delay=&#8221;200ms&#8221; animation=&#8221;off&#8221; hover_enabled=&#8221;0&#8243; border_width_all=&#8221;1px&#8221; border_color_all=&#8221;rgba(21,49,78,0.17)&#8221; locked=&#8221;off&#8221; link_option_url=&#8221;https:\/\/covid19.ebyu.edu.tr\/?page_id=111&#8243; icon_color=&#8221;#ffffff&#8221; use_circle=&#8221;on&#8221; circle_color=&#8221;#000000&#8243;][\/et_pb_blurb][\/et_pb_column][\/et_pb_row][et_pb_row column_structure=&#8221;1_3,1_3,1_3&#8243; _builder_version=&#8221;3.25&#8243;][et_pb_column type=&#8221;1_3&#8243; _builder_version=&#8221;3.25&#8243; custom_padding=&#8221;|||&#8221; custom_padding__hover=&#8221;|||&#8221;][et_pb_blurb title=&#8221;Klinik Ara\u015ft\u0131rmalar&#8221; use_icon=&#8221;on&#8221; font_icon=&#8221;%%103%%&#8221; _builder_version=&#8221;4.4.5&#8243; header_font=&#8221;Share Tech||||||||&#8221; header_font_size=&#8221;24px&#8221; header_line_height=&#8221;1.2em&#8221; body_font=&#8221;Open Sans||||||||&#8221; body_font_size=&#8221;16px&#8221; body_line_height=&#8221;1.8em&#8221; background_color=&#8221;#abd882&#8243; custom_margin=&#8221;||0px|&#8221; custom_padding=&#8221;40px|30px|40px|30px|true|true&#8221; animation_style=&#8221;fold&#8221; animation_delay=&#8221;450ms&#8221; animation=&#8221;off&#8221; hover_enabled=&#8221;0&#8243; border_width_all=&#8221;1px&#8221; border_color_all=&#8221;rgba(21,49,78,0.17)&#8221; locked=&#8221;off&#8221; icon_color=&#8221;#ffffff&#8221; use_circle=&#8221;on&#8221; circle_color=&#8221;#000000&#8243; use_circle_border=&#8221;on&#8221; link_option_url=&#8221;https:\/\/covid19.ebyu.edu.tr\/?page_id=113&#8243;][\/et_pb_blurb][\/et_pb_column][et_pb_column type=&#8221;1_3&#8243; _builder_version=&#8221;3.25&#8243; custom_padding=&#8221;|||&#8221; custom_padding__hover=&#8221;|||&#8221;][et_pb_blurb title=&#8221;Toplant\u0131lar&#8221; use_icon=&#8221;on&#8221; font_icon=&#8221;%%86%%&#8221; _builder_version=&#8221;4.4.5&#8243; header_font=&#8221;Share Tech||||||||&#8221; header_font_size=&#8221;24px&#8221; header_line_height=&#8221;1.2em&#8221; body_font=&#8221;Open Sans||||||||&#8221; body_font_size=&#8221;16px&#8221; body_line_height=&#8221;1.8em&#8221; background_color=&#8221;#2e3e4f&#8221; background_layout=&#8221;dark&#8221; custom_margin=&#8221;||0px|&#8221; custom_padding=&#8221;40px|30px|40px|30px|true|true&#8221; animation_style=&#8221;fold&#8221; animation_delay=&#8221;100ms&#8221; animation=&#8221;off&#8221; hover_enabled=&#8221;0&#8243; locked=&#8221;off&#8221; icon_color=&#8221;#ffffff&#8221; use_circle=&#8221;on&#8221; circle_color=&#8221;#000000&#8243; use_circle_border=&#8221;on&#8221; link_option_url=&#8221;https:\/\/covid19.ebyu.edu.tr\/?page_id=115&#8243;][\/et_pb_blurb][\/et_pb_column][et_pb_column type=&#8221;1_3&#8243; _builder_version=&#8221;3.25&#8243; custom_padding=&#8221;|||&#8221; custom_padding__hover=&#8221;|||&#8221;][et_pb_blurb title=&#8221;Sa\u011fl\u0131k Hizmet Sunumu&#8221; use_icon=&#8221;on&#8221; font_icon=&#8221;%%158%%&#8221; _builder_version=&#8221;4.4.5&#8243; header_font=&#8221;Share Tech||||||||&#8221; header_font_size=&#8221;24px&#8221; header_line_height=&#8221;1.2em&#8221; body_font=&#8221;Open Sans||||||||&#8221; body_font_size=&#8221;16px&#8221; body_line_height=&#8221;1.8em&#8221; background_color=&#8221;#6d4b5d&#8221; background_layout=&#8221;dark&#8221; custom_margin=&#8221;||0px|&#8221; custom_padding=&#8221;40px|30px|40px|30px|true|true&#8221; animation_style=&#8221;fold&#8221; animation_delay=&#8221;300ms&#8221; animation=&#8221;off&#8221; hover_enabled=&#8221;0&#8243; locked=&#8221;off&#8221; link_option_url=&#8221;https:\/\/covid19.ebyu.edu.tr\/?page_id=109&#8243; icon_color=&#8221;#ffffff&#8221; use_circle=&#8221;on&#8221; circle_color=&#8221;#000000&#8243; use_circle_border=&#8221;on&#8221;][\/et_pb_blurb][\/et_pb_column][\/et_pb_row][et_pb_row column_structure=&#8221;1_3,1_3,1_3&#8243; _builder_version=&#8221;3.25&#8243;][et_pb_column type=&#8221;1_3&#8243; _builder_version=&#8221;3.25&#8243; custom_padding=&#8221;|||&#8221; custom_padding__hover=&#8221;|||&#8221;][et_pb_blurb title=&#8221;Sarf Malzemesi &#038; Te\u00e7hizat \u00dcretimi&#8221; use_icon=&#8221;on&#8221; font_icon=&#8221;%%75%%&#8221; _builder_version=&#8221;4.4.5&#8243; header_font=&#8221;Share Tech||||||||&#8221; header_font_size=&#8221;24px&#8221; header_line_height=&#8221;1.2em&#8221; body_font=&#8221;Open Sans||||||||&#8221; body_font_size=&#8221;16px&#8221; body_line_height=&#8221;1.8em&#8221; background_color=&#8221;#8accb8&#8243; custom_margin=&#8221;||0px|&#8221; custom_padding=&#8221;40px|30px|40px|30px|true|true&#8221; animation_style=&#8221;fold&#8221; animation_delay=&#8221;450ms&#8221; animation=&#8221;off&#8221; hover_enabled=&#8221;0&#8243; border_width_all=&#8221;1px&#8221; border_color_all=&#8221;rgba(21,49,78,0.17)&#8221; locked=&#8221;off&#8221; link_option_url=&#8221;https:\/\/covid19.ebyu.edu.tr\/?page_id=119&#8243; icon_color=&#8221;#ffffff&#8221; use_circle=&#8221;on&#8221; circle_color=&#8221;#000000&#8243; use_circle_border=&#8221;on&#8221;][\/et_pb_blurb][\/et_pb_column][et_pb_column type=&#8221;1_3&#8243; _builder_version=&#8221;3.25&#8243; custom_padding=&#8221;|||&#8221; custom_padding__hover=&#8221;|||&#8221;][et_pb_blurb title=&#8221;Topluma Hizmet Uygulamalar\u0131&#8221; use_icon=&#8221;on&#8221; font_icon=&#8221;%%144%%&#8221; _builder_version=&#8221;4.4.5&#8243; header_font=&#8221;Share Tech||||||||&#8221; header_font_size=&#8221;24px&#8221; header_line_height=&#8221;1.2em&#8221; body_font=&#8221;Open Sans||||||||&#8221; body_font_size=&#8221;16px&#8221; body_line_height=&#8221;1.8em&#8221; background_color=&#8221;#917abf&#8221; background_layout=&#8221;dark&#8221; custom_margin=&#8221;||0px|&#8221; custom_padding=&#8221;40px|30px|40px|30px|true|true&#8221; animation_style=&#8221;fold&#8221; animation_delay=&#8221;100ms&#8221; animation=&#8221;off&#8221; hover_enabled=&#8221;0&#8243; locked=&#8221;off&#8221; link_option_url=&#8221;https:\/\/covid19.ebyu.edu.tr\/?page_id=121&#8243; icon_color=&#8221;#ffffff&#8221; use_circle=&#8221;on&#8221; circle_color=&#8221;#000000&#8243; use_circle_border=&#8221;on&#8221;][\/et_pb_blurb][\/et_pb_column][et_pb_column type=&#8221;1_3&#8243; _builder_version=&#8221;3.25&#8243; custom_padding=&#8221;|||&#8221; custom_padding__hover=&#8221;|||&#8221;][et_pb_blurb title=&#8221;Uzaktan \u00d6\u011fretim Faaliyetleri &#8221; use_icon=&#8221;on&#8221; font_icon=&#8221;%%98%%&#8221; _builder_version=&#8221;4.4.5&#8243; header_font=&#8221;Share Tech||||||||&#8221; header_font_size=&#8221;24px&#8221; header_line_height=&#8221;1.2em&#8221; body_font=&#8221;Open Sans||||||||&#8221; body_font_size=&#8221;16px&#8221; body_line_height=&#8221;1.8em&#8221; background_color=&#8221;#9e456b&#8221; background_layout=&#8221;dark&#8221; custom_margin=&#8221;||0px|&#8221; custom_padding=&#8221;40px|30px|40px|30px|true|true&#8221; animation_style=&#8221;fold&#8221; animation_delay=&#8221;300ms&#8221; animation=&#8221;off&#8221; hover_enabled=&#8221;0&#8243; locked=&#8221;off&#8221; link_option_url=&#8221;https:\/\/covid19.ebyu.edu.tr\/?page_id=107&#8243; icon_color=&#8221;#ffffff&#8221; use_circle=&#8221;on&#8221; circle_color=&#8221;#000000&#8243; use_circle_border=&#8221;on&#8221;][\/et_pb_blurb][\/et_pb_column][\/et_pb_row][\/et_pb_section]<\/p>\n","protected":false},"excerpt":{"rendered":"","protected":false},"author":6,"featured_media":0,"parent":0,"menu_order":0,"comment_status":"closed","ping_status":"closed","template":"","meta":{"_et_pb_use_builder":"on","_et_pb_old_content":"","_et_gb_content_width":"","footnotes":""},"class_list":["post-9","page","type-page","status-publish","hentry"],"_links":{"self":[{"href":"https:\/\/covid19.ebyu.edu.tr\/index.php?rest_route=\/wp\/v2\/pages\/9","targetHints":{"allow":["GET"]}}],"collection":[{"href":"https:\/\/covid19.ebyu.edu.tr\/index.php?rest_route=\/wp\/v2\/pages"}],"about":[{"href":"https:\/\/covid19.ebyu.edu.tr\/index.php?rest_route=\/wp\/v2\/types\/page"}],"author":[{"embeddable":true,"href":"https:\/\/covid19.ebyu.edu.tr\/index.php?rest_route=\/wp\/v2\/users\/6"}],"replies":[{"embeddable":true,"href":"https:\/\/covid19.ebyu.edu.tr\/index.php?rest_route=%2Fwp%2Fv2%2Fcomments&post=9"}],"version-history":[{"count":28,"href":"https:\/\/covid19.ebyu.edu.tr\/index.php?rest_route=\/wp\/v2\/pages\/9\/revisions"}],"predecessor-version":[{"id":193,"href":"https:\/\/covid19.ebyu.edu.tr\/index.php?rest_route=\/wp\/v2\/pages\/9\/revisions\/193"}],"wp:attachment":[{"href":"https:\/\/covid19.ebyu.edu.tr\/index.php?rest_route=%2Fwp%2Fv2%2Fmedia&parent=9"}],"curies":[{"name":"wp","href":"https:\/\/api.w.org\/{rel}","templated":true}]}}