{"id":111,"date":"2020-04-30T16:34:32","date_gmt":"2020-04-30T13:34:32","guid":{"rendered":"https:\/\/covid19.ebyu.edu.tr\/?page_id=111"},"modified":"2020-05-07T17:03:48","modified_gmt":"2020-05-07T14:03:48","slug":"ar-ge-faaliyetleri","status":"publish","type":"page","link":"https:\/\/covid19.ebyu.edu.tr\/?page_id=111","title":{"rendered":"Ar-Ge Faaliyetleri"},"content":{"rendered":"<p>&nbsp;<\/p>\n<p><span style=\"font-size: 18pt;\">Sayfam\u0131za i\u00e7erik haz\u0131rlanmaktad\u0131r.<\/span><\/p>\n<p>&nbsp;<\/p>\n","protected":false},"excerpt":{"rendered":"<p>&nbsp; Sayfam\u0131za i\u00e7erik haz\u0131rlanmaktad\u0131r. &nbsp;<\/p>\n","protected":false},"author":6,"featured_media":0,"parent":0,"menu_order":0,"comment_status":"closed","ping_status":"closed","template":"","meta":{"_et_pb_use_builder":"","_et_pb_old_content":"","_et_gb_content_width":"","footnotes":""},"class_list":["post-111","page","type-page","status-publish","hentry"],"_links":{"self":[{"href":"https:\/\/covid19.ebyu.edu.tr\/index.php?rest_route=\/wp\/v2\/pages\/111","targetHints":{"allow":["GET"]}}],"collection":[{"href":"https:\/\/covid19.ebyu.edu.tr\/index.php?rest_route=\/wp\/v2\/pages"}],"about":[{"href":"https:\/\/covid19.ebyu.edu.tr\/index.php?rest_route=\/wp\/v2\/types\/page"}],"author":[{"embeddable":true,"href":"https:\/\/covid19.ebyu.edu.tr\/index.php?rest_route=\/wp\/v2\/users\/6"}],"replies":[{"embeddable":true,"href":"https:\/\/covid19.ebyu.edu.tr\/index.php?rest_route=%2Fwp%2Fv2%2Fcomments&post=111"}],"version-history":[{"count":3,"href":"https:\/\/covid19.ebyu.edu.tr\/index.php?rest_route=\/wp\/v2\/pages\/111\/revisions"}],"predecessor-version":[{"id":196,"href":"https:\/\/covid19.ebyu.edu.tr\/index.php?rest_route=\/wp\/v2\/pages\/111\/revisions\/196"}],"wp:attachment":[{"href":"https:\/\/covid19.ebyu.edu.tr\/index.php?rest_route=%2Fwp%2Fv2%2Fmedia&parent=111"}],"curies":[{"name":"wp","href":"https:\/\/api.w.org\/{rel}","templated":true}]}}