{"id":109,"date":"2020-04-30T16:33:52","date_gmt":"2020-04-30T13:33:52","guid":{"rendered":"https:\/\/covid19.ebyu.edu.tr\/?page_id=109"},"modified":"2020-05-07T17:04:45","modified_gmt":"2020-05-07T14:04:45","slug":"saglik-hizmet-sunumu","status":"publish","type":"page","link":"https:\/\/covid19.ebyu.edu.tr\/?page_id=109","title":{"rendered":"Sa\u011fl\u0131k Hizmet Sunumu"},"content":{"rendered":"<p>&nbsp;<\/p>\n<p><span style=\"font-size: 18pt;\">Sayfam\u0131za i\u00e7erik haz\u0131rlanmaktad\u0131r.<\/span><\/p>\n<p>&nbsp;<\/p>\n","protected":false},"excerpt":{"rendered":"<p>&nbsp; Sayfam\u0131za i\u00e7erik haz\u0131rlanmaktad\u0131r. &nbsp;<\/p>\n","protected":false},"author":6,"featured_media":0,"parent":0,"menu_order":0,"comment_status":"closed","ping_status":"closed","template":"","meta":{"_et_pb_use_builder":"","_et_pb_old_content":"","_et_gb_content_width":"","footnotes":""},"class_list":["post-109","page","type-page","status-publish","hentry"],"_links":{"self":[{"href":"https:\/\/covid19.ebyu.edu.tr\/index.php?rest_route=\/wp\/v2\/pages\/109","targetHints":{"allow":["GET"]}}],"collection":[{"href":"https:\/\/covid19.ebyu.edu.tr\/index.php?rest_route=\/wp\/v2\/pages"}],"about":[{"href":"https:\/\/covid19.ebyu.edu.tr\/index.php?rest_route=\/wp\/v2\/types\/page"}],"author":[{"embeddable":true,"href":"https:\/\/covid19.ebyu.edu.tr\/index.php?rest_route=\/wp\/v2\/users\/6"}],"replies":[{"embeddable":true,"href":"https:\/\/covid19.ebyu.edu.tr\/index.php?rest_route=%2Fwp%2Fv2%2Fcomments&post=109"}],"version-history":[{"count":2,"href":"https:\/\/covid19.ebyu.edu.tr\/index.php?rest_route=\/wp\/v2\/pages\/109\/revisions"}],"predecessor-version":[{"id":199,"href":"https:\/\/covid19.ebyu.edu.tr\/index.php?rest_route=\/wp\/v2\/pages\/109\/revisions\/199"}],"wp:attachment":[{"href":"https:\/\/covid19.ebyu.edu.tr\/index.php?rest_route=%2Fwp%2Fv2%2Fmedia&parent=109"}],"curies":[{"name":"wp","href":"https:\/\/api.w.org\/{rel}","templated":true}]}}